{"id":280,"date":"2019-02-10T15:40:15","date_gmt":"2019-02-10T15:40:15","guid":{"rendered":"https:\/\/bonsauveur.eu\/bia\/?page_id=280"},"modified":"2019-04-25T16:38:12","modified_gmt":"2019-04-25T16:38:12","slug":"la-decouverte-des-metiers-de-laviation-civile","status":"publish","type":"page","link":"https:\/\/bonsauveur.eu\/bia\/activites\/la-decouverte-des-metiers-de-laviation-civile\/","title":{"rendered":"La d\u00e9couverte des m\u00e9tiers de l&rsquo;aviation civile"},"content":{"rendered":"\n<p><br><\/p>\n\n\n\n<figure class=\"wp-block-image\"><img loading=\"lazy\" decoding=\"async\" width=\"1024\" height=\"683\" src=\"https:\/\/bonsauveur.eu\/bia\/wp-content\/uploads\/2019\/04\/2-1024x683.jpg\" alt=\"\" class=\"wp-image-610\" srcset=\"https:\/\/bonsauveur.eu\/bia\/wp-content\/uploads\/2019\/04\/2-1024x683.jpg 1024w, https:\/\/bonsauveur.eu\/bia\/wp-content\/uploads\/2019\/04\/2-300x200.jpg 300w, https:\/\/bonsauveur.eu\/bia\/wp-content\/uploads\/2019\/04\/2-768x512.jpg 768w\" sizes=\"auto, (max-width: 1024px) 100vw, 1024px\" \/><\/figure>\n\n\n\n<ul class=\"wp-block-gallery columns-3 is-cropped wp-block-gallery-1 is-layout-flex wp-block-gallery-is-layout-flex\"><li class=\"blocks-gallery-item\"><figure><img loading=\"lazy\" decoding=\"async\" width=\"4608\" height=\"3072\" src=\"https:\/\/bonsauveur.eu\/bia\/wp-content\/uploads\/2019\/04\/3-1024x683.jpg\" alt=\"\" data-id=\"611\" data-link=\"https:\/\/bonsauveur.eu\/bia\/activites\/la-decouverte-des-metiers-de-laviation-civile\/3-10\/\" class=\"wp-image-611\" srcset=\"https:\/\/bonsauveur.eu\/bia\/wp-content\/uploads\/2019\/04\/3-1024x683.jpg 1024w, https:\/\/bonsauveur.eu\/bia\/wp-content\/uploads\/2019\/04\/3-300x200.jpg 300w, https:\/\/bonsauveur.eu\/bia\/wp-content\/uploads\/2019\/04\/3-768x512.jpg 768w\" sizes=\"auto, (max-width: 4608px) 100vw, 4608px\" \/><\/figure><\/li><li class=\"blocks-gallery-item\"><figure><img loading=\"lazy\" decoding=\"async\" width=\"1024\" height=\"683\" src=\"https:\/\/bonsauveur.eu\/bia\/wp-content\/uploads\/2019\/04\/4-1024x683.jpg\" alt=\"\" data-id=\"612\" data-link=\"https:\/\/bonsauveur.eu\/bia\/activites\/la-decouverte-des-metiers-de-laviation-civile\/4-7\/\" class=\"wp-image-612\" srcset=\"https:\/\/bonsauveur.eu\/bia\/wp-content\/uploads\/2019\/04\/4-1024x683.jpg 1024w, https:\/\/bonsauveur.eu\/bia\/wp-content\/uploads\/2019\/04\/4-300x200.jpg 300w, https:\/\/bonsauveur.eu\/bia\/wp-content\/uploads\/2019\/04\/4-768x512.jpg 768w\" sizes=\"auto, (max-width: 1024px) 100vw, 1024px\" \/><\/figure><\/li><li class=\"blocks-gallery-item\"><figure><img loading=\"lazy\" decoding=\"async\" width=\"1024\" height=\"402\" src=\"https:\/\/bonsauveur.eu\/bia\/wp-content\/uploads\/2019\/04\/5-1024x402.jpg\" alt=\"\" data-id=\"613\" data-link=\"https:\/\/bonsauveur.eu\/bia\/activites\/la-decouverte-des-metiers-de-laviation-civile\/5-5\/\" class=\"wp-image-613\" srcset=\"https:\/\/bonsauveur.eu\/bia\/wp-content\/uploads\/2019\/04\/5-1024x402.jpg 1024w, https:\/\/bonsauveur.eu\/bia\/wp-content\/uploads\/2019\/04\/5-300x118.jpg 300w, https:\/\/bonsauveur.eu\/bia\/wp-content\/uploads\/2019\/04\/5-768x302.jpg 768w\" sizes=\"auto, (max-width: 1024px) 100vw, 1024px\" \/><\/figure><\/li><\/ul>\n\n\n\n<p>Le jeudi 25 avril, les \u00e9l\u00e8ves &nbsp;BIA de la promotion \u00ab&nbsp;Mermoz&nbsp;\u00bb 2018-2019\ndu coll\u00e8ge du BS ont d\u00e9couvert un \u00e9ventail des m\u00e9tiers de l\u2019avion pour une\ncarri\u00e8re civile. Claude, qui a vol\u00e9 sur B 737, a expliqu\u00e9 aux \u00e9l\u00e8ves les\ndiff\u00e9rentes voies existantes et d\u00e9bouch\u00e9s possibles pour faire carri\u00e8re dans\ncette branche.<\/p>\n\n\n\n<p>En effet, notre ancien commandant\nde bord, fort de son exp\u00e9rience, a racont\u00e9 sa carri\u00e8re de pilote de ligne, mais\nil a aussi abord\u00e9 les m\u00e9tiers de steward ou h\u00f4tesse,&nbsp; de chef d\u2019escale, de pr\u00e9parateur de vol, et\nde contr\u00f4leur a\u00e9rien. Avec une grande proximit\u00e9 aupr\u00e8s des \u00e9l\u00e8ves, il a expliqu\u00e9\nla diff\u00e9rence entre les personnels au sol et les personnels navigants, les\n\u00e9volutions de carri\u00e8re possible, les cursus et m\u00eame les salaires moyens.<\/p>\n\n\n\n<p>Tr\u00e8s curieux, les \u00e9l\u00e8ves ont pos\u00e9\nbeaucoup de questions, surtout sur les anecdotes et petites histoires de la\nlongue carri\u00e8re de pilote de ligne intervenant.<\/p>\n\n\n\n<p>Claude a d\u2019ailleurs relat\u00e9 un\nsouvenir marquant, un atterrissage par plein vent de travers, aux limites des\nvitesses accept\u00e9es, le jour de la grande temp\u00eate de No\u00ebl 1999&nbsp;; <strong>\u00abDans l\u2019approche\nfinale, l\u2019avion \u00e9tait tr\u00e8s en crabe, \u00e0 tel point que je voyais la piste sur le pare-brise\ndu copilote, ce qui est quand m\u00eame tr\u00e8s rare. &nbsp;D\u00e8s le toucher des roues, on a vite plaqu\u00e9 l\u2019avion\nau sol pour \u00e9viter les rafales qui d\u00e9portent sur le c\u00f4t\u00e9. Ma chemise \u00e9tait\ntremp\u00e9e&nbsp;! \u00bb. <\/strong><\/p>\n","protected":false},"excerpt":{"rendered":"<p>Le jeudi 25 avril, les \u00e9l\u00e8ves &nbsp;BIA de la promotion \u00ab&nbsp;Mermoz&nbsp;\u00bb 2018-2019 du coll\u00e8ge du BS ont d\u00e9couvert un \u00e9ventail des m\u00e9tiers de l\u2019avion pour une carri\u00e8re civile. Claude, qui a vol\u00e9 sur B 737, a expliqu\u00e9 aux \u00e9l\u00e8ves les diff\u00e9rentes voies existantes et d\u00e9bouch\u00e9s possibles pour faire carri\u00e8re dans cette branche. En effet, notre &hellip; <\/p>\n<p><a class=\"more-link btn\" href=\"https:\/\/bonsauveur.eu\/bia\/activites\/la-decouverte-des-metiers-de-laviation-civile\/\">Lire la suite<\/a><\/p>\n","protected":false},"author":2,"featured_media":0,"parent":98,"menu_order":6,"comment_status":"closed","ping_status":"closed","template":"","meta":{"footnotes":""},"class_list":["post-280","page","type-page","status-publish","hentry","nodate","item-wrap"],"_links":{"self":[{"href":"https:\/\/bonsauveur.eu\/bia\/wp-json\/wp\/v2\/pages\/280","targetHints":{"allow":["GET"]}}],"collection":[{"href":"https:\/\/bonsauveur.eu\/bia\/wp-json\/wp\/v2\/pages"}],"about":[{"href":"https:\/\/bonsauveur.eu\/bia\/wp-json\/wp\/v2\/types\/page"}],"author":[{"embeddable":true,"href":"https:\/\/bonsauveur.eu\/bia\/wp-json\/wp\/v2\/users\/2"}],"replies":[{"embeddable":true,"href":"https:\/\/bonsauveur.eu\/bia\/wp-json\/wp\/v2\/comments?post=280"}],"version-history":[{"count":3,"href":"https:\/\/bonsauveur.eu\/bia\/wp-json\/wp\/v2\/pages\/280\/revisions"}],"predecessor-version":[{"id":615,"href":"https:\/\/bonsauveur.eu\/bia\/wp-json\/wp\/v2\/pages\/280\/revisions\/615"}],"up":[{"embeddable":true,"href":"https:\/\/bonsauveur.eu\/bia\/wp-json\/wp\/v2\/pages\/98"}],"wp:attachment":[{"href":"https:\/\/bonsauveur.eu\/bia\/wp-json\/wp\/v2\/media?parent=280"}],"curies":[{"name":"wp","href":"https:\/\/api.w.org\/{rel}","templated":true}]}}