{"id":302,"date":"2019-02-10T16:08:36","date_gmt":"2019-02-10T16:08:36","guid":{"rendered":"https:\/\/bonsauveur.eu\/bia\/?page_id=302"},"modified":"2019-02-10T17:19:15","modified_gmt":"2019-02-10T17:19:15","slug":"juin-2018-flotille-33f-cherbourg","status":"publish","type":"page","link":"https:\/\/bonsauveur.eu\/bia\/activites\/les-musees\/juin-2018-flotille-33f-cherbourg\/","title":{"rendered":"Juin 2018 Flotille 33F Cherbourg"},"content":{"rendered":"\n<p>Les \u00e9l\u00e8ves de troisi\u00e8me du groupe BIA (Brevet d\u2019Initiation\nA\u00e9ronautique du coll\u00e8ge du Bon Sauveur) se sont rendus sur l\u2019a\u00e9rodrome de\nCherbourg. Cette sortie scolaire cl\u00f4ture en beaut\u00e9 une seconde ann\u00e9e de\nformation pour cette promotion qui portait le nom de Lindbergh.<\/p>\n\n\n\n<figure class=\"wp-block-image\"><img loading=\"lazy\" decoding=\"async\" width=\"1024\" height=\"683\" src=\"https:\/\/bonsauveur.eu\/bia\/wp-content\/uploads\/2019\/02\/1-caiman-manche-libre-1024x683.jpg\" alt=\"\" class=\"wp-image-303\" srcset=\"https:\/\/bonsauveur.eu\/bia\/wp-content\/uploads\/2019\/02\/1-caiman-manche-libre-1024x683.jpg 1024w, https:\/\/bonsauveur.eu\/bia\/wp-content\/uploads\/2019\/02\/1-caiman-manche-libre-300x200.jpg 300w, https:\/\/bonsauveur.eu\/bia\/wp-content\/uploads\/2019\/02\/1-caiman-manche-libre-768x512.jpg 768w\" sizes=\"auto, (max-width: 1024px) 100vw, 1024px\" \/><\/figure>\n\n\n\n<p>Sur place ils sont all\u00e9s \u00e0 la rencontre du d\u00e9tachement&nbsp; 33F de la Base A\u00e9ro Navale de\nLanv\u00e9oc-Poulmic. D\u00e8s l\u2019arriv\u00e9e sur le tarmac, les yeux des \u00e9l\u00e8ves sont \u00e9t\u00e9\ncaptiv\u00e9s par l\u2019engin qu\u2019ils \u00e9taient venus d\u00e9couvrir&nbsp;: le fameux\nh\u00e9licopt\u00e8re NH90 Ca\u00efman. Accueillis par l\u2019\u00e9quipage du <em>Ca\u00efman Marine<\/em>\nconstitu\u00e9 de trois personnes, dont le Lieutenant de Vaisseau \u00ab J\u00e9rome \u00bb, ils\nont pu approcher du ca\u00efman, et poser toutes les questions pr\u00e9par\u00e9es en\namont&nbsp;: les missions de combat naval et de soutien, pr\u00e9cisant ainsi les 5\nfonctions de la nouvelle strat\u00e9gie de la marine, telles que connaitre,\npr\u00e9venir, prot\u00e9ger, intervenir et dissuader.<\/p>\n\n\n\n<ul class=\"wp-block-gallery columns-2 is-cropped wp-block-gallery-1 is-layout-flex wp-block-gallery-is-layout-flex\"><li class=\"blocks-gallery-item\"><figure><img loading=\"lazy\" decoding=\"async\" width=\"1024\" height=\"683\" src=\"https:\/\/bonsauveur.eu\/bia\/wp-content\/uploads\/2019\/02\/2-2-1024x683.jpg\" alt=\"\" data-id=\"306\" data-link=\"https:\/\/bonsauveur.eu\/bia\/activites\/les-musees\/juin-2018-flotille-33f-cherbourg\/2-3\/\" class=\"wp-image-306\" srcset=\"https:\/\/bonsauveur.eu\/bia\/wp-content\/uploads\/2019\/02\/2-2-1024x683.jpg 1024w, https:\/\/bonsauveur.eu\/bia\/wp-content\/uploads\/2019\/02\/2-2-300x200.jpg 300w, https:\/\/bonsauveur.eu\/bia\/wp-content\/uploads\/2019\/02\/2-2-768x512.jpg 768w\" sizes=\"auto, (max-width: 1024px) 100vw, 1024px\" \/><\/figure><\/li><li class=\"blocks-gallery-item\"><figure><img loading=\"lazy\" decoding=\"async\" width=\"1024\" height=\"683\" src=\"https:\/\/bonsauveur.eu\/bia\/wp-content\/uploads\/2019\/02\/3-3-1024x683.jpg\" alt=\"\" data-id=\"307\" data-link=\"https:\/\/bonsauveur.eu\/bia\/activites\/les-musees\/juin-2018-flotille-33f-cherbourg\/3-4\/\" class=\"wp-image-307\" srcset=\"https:\/\/bonsauveur.eu\/bia\/wp-content\/uploads\/2019\/02\/3-3-1024x683.jpg 1024w, https:\/\/bonsauveur.eu\/bia\/wp-content\/uploads\/2019\/02\/3-3-300x200.jpg 300w, https:\/\/bonsauveur.eu\/bia\/wp-content\/uploads\/2019\/02\/3-3-768x512.jpg 768w\" sizes=\"auto, (max-width: 1024px) 100vw, 1024px\" \/><\/figure><\/li><li class=\"blocks-gallery-item\"><figure><img loading=\"lazy\" decoding=\"async\" width=\"1024\" height=\"683\" src=\"https:\/\/bonsauveur.eu\/bia\/wp-content\/uploads\/2019\/02\/4-a-1024x683.jpg\" alt=\"\" data-id=\"308\" data-link=\"https:\/\/bonsauveur.eu\/bia\/activites\/les-musees\/juin-2018-flotille-33f-cherbourg\/4-a\/\" class=\"wp-image-308\" srcset=\"https:\/\/bonsauveur.eu\/bia\/wp-content\/uploads\/2019\/02\/4-a-1024x683.jpg 1024w, https:\/\/bonsauveur.eu\/bia\/wp-content\/uploads\/2019\/02\/4-a-300x200.jpg 300w, https:\/\/bonsauveur.eu\/bia\/wp-content\/uploads\/2019\/02\/4-a-768x512.jpg 768w\" sizes=\"auto, (max-width: 1024px) 100vw, 1024px\" \/><\/figure><\/li><li class=\"blocks-gallery-item\"><figure><img loading=\"lazy\" decoding=\"async\" width=\"1024\" height=\"683\" src=\"https:\/\/bonsauveur.eu\/bia\/wp-content\/uploads\/2019\/02\/4-2-1024x683.jpg\" alt=\"\" data-id=\"309\" data-link=\"https:\/\/bonsauveur.eu\/bia\/activites\/les-musees\/juin-2018-flotille-33f-cherbourg\/4-3\/\" class=\"wp-image-309\" srcset=\"https:\/\/bonsauveur.eu\/bia\/wp-content\/uploads\/2019\/02\/4-2-1024x683.jpg 1024w, https:\/\/bonsauveur.eu\/bia\/wp-content\/uploads\/2019\/02\/4-2-300x200.jpg 300w, https:\/\/bonsauveur.eu\/bia\/wp-content\/uploads\/2019\/02\/4-2-768x512.jpg 768w\" sizes=\"auto, (max-width: 1024px) 100vw, 1024px\" \/><\/figure><\/li><li class=\"blocks-gallery-item\"><figure><img loading=\"lazy\" decoding=\"async\" width=\"1024\" height=\"683\" src=\"https:\/\/bonsauveur.eu\/bia\/wp-content\/uploads\/2019\/02\/5-2-1024x683.jpg\" alt=\"\" data-id=\"310\" data-link=\"https:\/\/bonsauveur.eu\/bia\/activites\/les-musees\/juin-2018-flotille-33f-cherbourg\/5-3\/\" class=\"wp-image-310\" srcset=\"https:\/\/bonsauveur.eu\/bia\/wp-content\/uploads\/2019\/02\/5-2-1024x683.jpg 1024w, https:\/\/bonsauveur.eu\/bia\/wp-content\/uploads\/2019\/02\/5-2-300x200.jpg 300w, https:\/\/bonsauveur.eu\/bia\/wp-content\/uploads\/2019\/02\/5-2-768x512.jpg 768w\" sizes=\"auto, (max-width: 1024px) 100vw, 1024px\" \/><\/figure><\/li><li class=\"blocks-gallery-item\"><figure><img loading=\"lazy\" decoding=\"async\" width=\"1024\" height=\"683\" src=\"https:\/\/bonsauveur.eu\/bia\/wp-content\/uploads\/2019\/02\/6-1-1024x683.jpg\" alt=\"\" data-id=\"311\" data-link=\"https:\/\/bonsauveur.eu\/bia\/activites\/les-musees\/juin-2018-flotille-33f-cherbourg\/6-2\/\" class=\"wp-image-311\" srcset=\"https:\/\/bonsauveur.eu\/bia\/wp-content\/uploads\/2019\/02\/6-1-1024x683.jpg 1024w, https:\/\/bonsauveur.eu\/bia\/wp-content\/uploads\/2019\/02\/6-1-300x200.jpg 300w, https:\/\/bonsauveur.eu\/bia\/wp-content\/uploads\/2019\/02\/6-1-768x512.jpg 768w\" sizes=\"auto, (max-width: 1024px) 100vw, 1024px\" \/><\/figure><\/li><li class=\"blocks-gallery-item\"><figure><img loading=\"lazy\" decoding=\"async\" width=\"1024\" height=\"683\" src=\"https:\/\/bonsauveur.eu\/bia\/wp-content\/uploads\/2019\/02\/7-2-1024x683.jpg\" alt=\"\" data-id=\"312\" data-link=\"https:\/\/bonsauveur.eu\/bia\/activites\/les-musees\/juin-2018-flotille-33f-cherbourg\/7-3\/\" class=\"wp-image-312\" srcset=\"https:\/\/bonsauveur.eu\/bia\/wp-content\/uploads\/2019\/02\/7-2-1024x683.jpg 1024w, https:\/\/bonsauveur.eu\/bia\/wp-content\/uploads\/2019\/02\/7-2-300x200.jpg 300w, https:\/\/bonsauveur.eu\/bia\/wp-content\/uploads\/2019\/02\/7-2-768x512.jpg 768w\" sizes=\"auto, (max-width: 1024px) 100vw, 1024px\" \/><\/figure><\/li><li class=\"blocks-gallery-item\"><figure><img loading=\"lazy\" decoding=\"async\" width=\"1024\" height=\"683\" src=\"https:\/\/bonsauveur.eu\/bia\/wp-content\/uploads\/2019\/02\/8-1-1024x683.jpg\" alt=\"\" data-id=\"313\" data-link=\"https:\/\/bonsauveur.eu\/bia\/activites\/les-musees\/juin-2018-flotille-33f-cherbourg\/8-2\/\" class=\"wp-image-313\" srcset=\"https:\/\/bonsauveur.eu\/bia\/wp-content\/uploads\/2019\/02\/8-1-1024x683.jpg 1024w, https:\/\/bonsauveur.eu\/bia\/wp-content\/uploads\/2019\/02\/8-1-300x200.jpg 300w, https:\/\/bonsauveur.eu\/bia\/wp-content\/uploads\/2019\/02\/8-1-768x512.jpg 768w\" sizes=\"auto, (max-width: 1024px) 100vw, 1024px\" \/><\/figure><\/li><li class=\"blocks-gallery-item\"><figure><img loading=\"lazy\" decoding=\"async\" width=\"1024\" height=\"683\" src=\"https:\/\/bonsauveur.eu\/bia\/wp-content\/uploads\/2019\/02\/9-2-1024x683.jpg\" alt=\"\" data-id=\"314\" data-link=\"https:\/\/bonsauveur.eu\/bia\/activites\/les-musees\/juin-2018-flotille-33f-cherbourg\/9-3\/\" class=\"wp-image-314\" srcset=\"https:\/\/bonsauveur.eu\/bia\/wp-content\/uploads\/2019\/02\/9-2-1024x683.jpg 1024w, https:\/\/bonsauveur.eu\/bia\/wp-content\/uploads\/2019\/02\/9-2-300x200.jpg 300w, https:\/\/bonsauveur.eu\/bia\/wp-content\/uploads\/2019\/02\/9-2-768x512.jpg 768w\" sizes=\"auto, (max-width: 1024px) 100vw, 1024px\" \/><\/figure><\/li><li class=\"blocks-gallery-item\"><figure><img loading=\"lazy\" decoding=\"async\" width=\"1024\" height=\"683\" src=\"https:\/\/bonsauveur.eu\/bia\/wp-content\/uploads\/2019\/02\/10-2-1024x683.jpg\" alt=\"\" data-id=\"315\" data-link=\"https:\/\/bonsauveur.eu\/bia\/activites\/les-musees\/juin-2018-flotille-33f-cherbourg\/10-3\/\" class=\"wp-image-315\" srcset=\"https:\/\/bonsauveur.eu\/bia\/wp-content\/uploads\/2019\/02\/10-2-1024x683.jpg 1024w, https:\/\/bonsauveur.eu\/bia\/wp-content\/uploads\/2019\/02\/10-2-300x200.jpg 300w, https:\/\/bonsauveur.eu\/bia\/wp-content\/uploads\/2019\/02\/10-2-768x512.jpg 768w\" sizes=\"auto, (max-width: 1024px) 100vw, 1024px\" \/><\/figure><\/li><\/ul>\n\n\n\n<p>En dialoguant avec les militaires, les adolescents en fin de\nparcours coll\u00e8ge ont \u00e9galement demand\u00e9 des renseignements sur la mani\u00e8re de\nfaire carri\u00e8re dans la marine, \u00e0 travers les motivations et cursus d\u2019\u00e9tude\npersonnels suivis par les membres de l\u2019\u00e9quipage.&nbsp;&nbsp; <\/p>\n\n\n\n<p>En \u00e9tant au plus pr\u00e8s de cette merveille motoris\u00e9e, qui est\ncertainement un des objets les plus complexes de la r\u00e9alisation humaine\ntechnologique, les \u00e9l\u00e8ves ont pu aussi approfondir leurs notions de m\u00e9canique\nsur le monde des h\u00e9licopt\u00e8res avec les mots de \u00ab&nbsp;collectif&nbsp;\u00bb,\n\u00ab&nbsp;cyclique&nbsp;\u00bb et \u00ab&nbsp;palonnier&nbsp;\u00bb qu\u2019ils ont apprivois\u00e9s par ce\ncours de sciences au grand air du nord de la Manche.<\/p>\n\n\n\n<p><strong>\u00ab&nbsp;C\u2019est une chance extraordinaire pour les jeunes de\npouvoir approcher aussi pr\u00eat des ces militaires, h\u00e9ros du quotidien, et de\npouvoir s\u2019assoir dans un tel bijou de technologie. Je suis persuad\u00e9 que la\npetite graine plant\u00e9e aujourd\u2019hui portera ses fruits en cr\u00e9ant un jour des\nvocations&nbsp;\u00bb <\/strong>ajoute Philippe Breteau, responsable de la formation au\ncoll\u00e8ge, pilote et instructeur BIA. &nbsp;<\/p>\n","protected":false},"excerpt":{"rendered":"<p>Les \u00e9l\u00e8ves de troisi\u00e8me du groupe BIA (Brevet d\u2019Initiation A\u00e9ronautique du coll\u00e8ge du Bon Sauveur) se sont rendus sur l\u2019a\u00e9rodrome de Cherbourg. Cette sortie scolaire cl\u00f4ture en beaut\u00e9 une seconde ann\u00e9e de formation pour cette promotion qui portait le nom de Lindbergh. Sur place ils sont all\u00e9s \u00e0 la rencontre du d\u00e9tachement&nbsp; 33F de la &hellip; <\/p>\n<p><a class=\"more-link btn\" href=\"https:\/\/bonsauveur.eu\/bia\/activites\/les-musees\/juin-2018-flotille-33f-cherbourg\/\">Lire la suite<\/a><\/p>\n","protected":false},"author":2,"featured_media":0,"parent":90,"menu_order":2,"comment_status":"closed","ping_status":"closed","template":"","meta":{"footnotes":""},"class_list":["post-302","page","type-page","status-publish","hentry","nodate","item-wrap"],"_links":{"self":[{"href":"https:\/\/bonsauveur.eu\/bia\/wp-json\/wp\/v2\/pages\/302","targetHints":{"allow":["GET"]}}],"collection":[{"href":"https:\/\/bonsauveur.eu\/bia\/wp-json\/wp\/v2\/pages"}],"about":[{"href":"https:\/\/bonsauveur.eu\/bia\/wp-json\/wp\/v2\/types\/page"}],"author":[{"embeddable":true,"href":"https:\/\/bonsauveur.eu\/bia\/wp-json\/wp\/v2\/users\/2"}],"replies":[{"embeddable":true,"href":"https:\/\/bonsauveur.eu\/bia\/wp-json\/wp\/v2\/comments?post=302"}],"version-history":[{"count":4,"href":"https:\/\/bonsauveur.eu\/bia\/wp-json\/wp\/v2\/pages\/302\/revisions"}],"predecessor-version":[{"id":368,"href":"https:\/\/bonsauveur.eu\/bia\/wp-json\/wp\/v2\/pages\/302\/revisions\/368"}],"up":[{"embeddable":true,"href":"https:\/\/bonsauveur.eu\/bia\/wp-json\/wp\/v2\/pages\/90"}],"wp:attachment":[{"href":"https:\/\/bonsauveur.eu\/bia\/wp-json\/wp\/v2\/media?parent=302"}],"curies":[{"name":"wp","href":"https:\/\/api.w.org\/{rel}","templated":true}]}}