{"id":34,"date":"2019-02-08T08:59:06","date_gmt":"2019-02-08T08:59:06","guid":{"rendered":"https:\/\/bonsauveur.eu\/bia\/?page_id=34"},"modified":"2019-02-10T13:49:46","modified_gmt":"2019-02-10T13:49:46","slug":"cours","status":"publish","type":"page","link":"https:\/\/bonsauveur.eu\/bia\/3-les-cours\/cours\/","title":{"rendered":"Les enseignements th\u00e9oriques"},"content":{"rendered":"\n<h3 class=\"wp-block-heading\">Les fiches ce cours, simples, claires et pr\u00e9cises sont fournies aux \u00e9l\u00e8ves \u00e0 chaque s\u00e9ance. On y retrouve les 5 domaines enseign\u00e9s:<\/h3>\n\n\n\n<ul class=\"wp-block-gallery columns-3 is-cropped wp-block-gallery-1 is-layout-flex wp-block-gallery-is-layout-flex\"><li class=\"blocks-gallery-item\"><figure><img loading=\"lazy\" decoding=\"async\" width=\"507\" height=\"776\" src=\"https:\/\/bonsauveur.eu\/bia\/wp-content\/uploads\/2019\/02\/aerod.png\" alt=\"\" data-id=\"182\" data-link=\"https:\/\/bonsauveur.eu\/bia\/cours\/aerod\/\" class=\"wp-image-182\" srcset=\"https:\/\/bonsauveur.eu\/bia\/wp-content\/uploads\/2019\/02\/aerod.png 507w, https:\/\/bonsauveur.eu\/bia\/wp-content\/uploads\/2019\/02\/aerod-196x300.png 196w\" sizes=\"auto, (max-width: 507px) 100vw, 507px\" \/><\/figure><\/li><li class=\"blocks-gallery-item\"><figure><img loading=\"lazy\" decoding=\"async\" width=\"520\" height=\"770\" src=\"https:\/\/bonsauveur.eu\/bia\/wp-content\/uploads\/2019\/02\/conn.png\" alt=\"\" data-id=\"183\" data-link=\"https:\/\/bonsauveur.eu\/bia\/cours\/conn\/\" class=\"wp-image-183\" srcset=\"https:\/\/bonsauveur.eu\/bia\/wp-content\/uploads\/2019\/02\/conn.png 520w, https:\/\/bonsauveur.eu\/bia\/wp-content\/uploads\/2019\/02\/conn-203x300.png 203w\" sizes=\"auto, (max-width: 520px) 100vw, 520px\" \/><\/figure><\/li><li class=\"blocks-gallery-item\"><figure><img loading=\"lazy\" decoding=\"async\" width=\"516\" height=\"764\" src=\"https:\/\/bonsauveur.eu\/bia\/wp-content\/uploads\/2019\/02\/cours-de-mto.png\" alt=\"\" data-id=\"184\" data-link=\"https:\/\/bonsauveur.eu\/bia\/cours\/cours-de-mto\/\" class=\"wp-image-184\" srcset=\"https:\/\/bonsauveur.eu\/bia\/wp-content\/uploads\/2019\/02\/cours-de-mto.png 516w, https:\/\/bonsauveur.eu\/bia\/wp-content\/uploads\/2019\/02\/cours-de-mto-203x300.png 203w\" sizes=\"auto, (max-width: 516px) 100vw, 516px\" \/><\/figure><\/li><li class=\"blocks-gallery-item\"><figure><img loading=\"lazy\" decoding=\"async\" width=\"508\" height=\"779\" src=\"https:\/\/bonsauveur.eu\/bia\/wp-content\/uploads\/2019\/02\/hist.png\" alt=\"\" data-id=\"185\" data-link=\"https:\/\/bonsauveur.eu\/bia\/cours\/hist\/\" class=\"wp-image-185\" srcset=\"https:\/\/bonsauveur.eu\/bia\/wp-content\/uploads\/2019\/02\/hist.png 508w, https:\/\/bonsauveur.eu\/bia\/wp-content\/uploads\/2019\/02\/hist-196x300.png 196w\" sizes=\"auto, (max-width: 508px) 100vw, 508px\" \/><\/figure><\/li><li class=\"blocks-gallery-item\"><figure><img loading=\"lazy\" decoding=\"async\" width=\"527\" height=\"775\" src=\"https:\/\/bonsauveur.eu\/bia\/wp-content\/uploads\/2019\/02\/nsr.png\" alt=\"\" data-id=\"186\" data-link=\"https:\/\/bonsauveur.eu\/bia\/cours\/nsr\/\" class=\"wp-image-186\" srcset=\"https:\/\/bonsauveur.eu\/bia\/wp-content\/uploads\/2019\/02\/nsr.png 527w, https:\/\/bonsauveur.eu\/bia\/wp-content\/uploads\/2019\/02\/nsr-204x300.png 204w\" sizes=\"auto, (max-width: 527px) 100vw, 527px\" \/><\/figure><\/li><\/ul>\n\n\n\n<h3 class=\"wp-block-heading\">Les cours trouvent leur inspiration dans un fond de biblioth\u00e8que multiple, adapt\u00e9 au niveau des \u00e9l\u00e8ves et de qualit\u00e9 o\u00f9 l&rsquo;on trouve par exemple les ouvrages suivants:<\/h3>\n\n\n\n<ul class=\"wp-block-gallery columns-2 is-cropped wp-block-gallery-2 is-layout-flex wp-block-gallery-is-layout-flex\"><li class=\"blocks-gallery-item\"><figure><img loading=\"lazy\" decoding=\"async\" width=\"809\" height=\"1024\" src=\"https:\/\/bonsauveur.eu\/bia\/wp-content\/uploads\/2019\/02\/l1-001-809x1024.jpg\" alt=\"\" data-id=\"191\" data-link=\"https:\/\/bonsauveur.eu\/bia\/cours\/l1-001\/\" class=\"wp-image-191\" srcset=\"https:\/\/bonsauveur.eu\/bia\/wp-content\/uploads\/2019\/02\/l1-001-809x1024.jpg 809w, https:\/\/bonsauveur.eu\/bia\/wp-content\/uploads\/2019\/02\/l1-001-237x300.jpg 237w, https:\/\/bonsauveur.eu\/bia\/wp-content\/uploads\/2019\/02\/l1-001-768x972.jpg 768w, https:\/\/bonsauveur.eu\/bia\/wp-content\/uploads\/2019\/02\/l1-001.jpg 1929w\" sizes=\"auto, (max-width: 809px) 100vw, 809px\" \/><\/figure><\/li><li class=\"blocks-gallery-item\"><figure><img loading=\"lazy\" decoding=\"async\" width=\"719\" height=\"1024\" src=\"https:\/\/bonsauveur.eu\/bia\/wp-content\/uploads\/2019\/02\/l2-001-719x1024.jpg\" alt=\"\" data-id=\"192\" data-link=\"https:\/\/bonsauveur.eu\/bia\/cours\/l2-001\/\" class=\"wp-image-192\" srcset=\"https:\/\/bonsauveur.eu\/bia\/wp-content\/uploads\/2019\/02\/l2-001-719x1024.jpg 719w, https:\/\/bonsauveur.eu\/bia\/wp-content\/uploads\/2019\/02\/l2-001-211x300.jpg 211w, https:\/\/bonsauveur.eu\/bia\/wp-content\/uploads\/2019\/02\/l2-001-768x1094.jpg 768w, https:\/\/bonsauveur.eu\/bia\/wp-content\/uploads\/2019\/02\/l2-001.jpg 1953w\" sizes=\"auto, (max-width: 719px) 100vw, 719px\" \/><\/figure><\/li><\/ul>\n","protected":false},"excerpt":{"rendered":"<p>Les fiches ce cours, simples, claires et pr\u00e9cises sont fournies aux \u00e9l\u00e8ves \u00e0 chaque s\u00e9ance. On y retrouve les 5 domaines enseign\u00e9s: Les cours trouvent leur inspiration dans un fond de biblioth\u00e8que multiple, adapt\u00e9 au niveau des \u00e9l\u00e8ves et de qualit\u00e9 o\u00f9 l&rsquo;on trouve par exemple les ouvrages suivants:<\/p>\n","protected":false},"author":1,"featured_media":0,"parent":241,"menu_order":1,"comment_status":"closed","ping_status":"open","template":"","meta":{"footnotes":""},"class_list":["post-34","page","type-page","status-publish","hentry","nodate","item-wrap"],"_links":{"self":[{"href":"https:\/\/bonsauveur.eu\/bia\/wp-json\/wp\/v2\/pages\/34","targetHints":{"allow":["GET"]}}],"collection":[{"href":"https:\/\/bonsauveur.eu\/bia\/wp-json\/wp\/v2\/pages"}],"about":[{"href":"https:\/\/bonsauveur.eu\/bia\/wp-json\/wp\/v2\/types\/page"}],"author":[{"embeddable":true,"href":"https:\/\/bonsauveur.eu\/bia\/wp-json\/wp\/v2\/users\/1"}],"replies":[{"embeddable":true,"href":"https:\/\/bonsauveur.eu\/bia\/wp-json\/wp\/v2\/comments?post=34"}],"version-history":[{"count":6,"href":"https:\/\/bonsauveur.eu\/bia\/wp-json\/wp\/v2\/pages\/34\/revisions"}],"predecessor-version":[{"id":240,"href":"https:\/\/bonsauveur.eu\/bia\/wp-json\/wp\/v2\/pages\/34\/revisions\/240"}],"up":[{"embeddable":true,"href":"https:\/\/bonsauveur.eu\/bia\/wp-json\/wp\/v2\/pages\/241"}],"wp:attachment":[{"href":"https:\/\/bonsauveur.eu\/bia\/wp-json\/wp\/v2\/media?parent=34"}],"curies":[{"name":"wp","href":"https:\/\/api.w.org\/{rel}","templated":true}]}}